{"id":8298,"date":"2026-04-24T07:46:21","date_gmt":"2026-04-24T05:46:21","guid":{"rendered":"https:\/\/letraindepapicoco.ovh\/?page_id=8298"},"modified":"2026-04-24T08:07:10","modified_gmt":"2026-04-24T06:07:10","slug":"6-acces-reserve","status":"publish","type":"page","link":"https:\/\/letraindepapicoco.ovh\/index.php\/6-acces-reserve\/","title":{"rendered":"6 &#8211; acc\u00e8s r\u00e9serv\u00e9"},"content":{"rendered":"","protected":true},"excerpt":{"rendered":"","protected":true},"author":1,"featured_media":0,"parent":0,"menu_order":0,"comment_status":"closed","ping_status":"closed","template":"","meta":{"footnotes":""},"class_list":["post-8298","page","type-page","status-publish","post-password-required","hentry"],"_links":{"self":[{"href":"https:\/\/letraindepapicoco.ovh\/index.php\/wp-json\/wp\/v2\/pages\/8298","targetHints":{"allow":["GET"]}}],"collection":[{"href":"https:\/\/letraindepapicoco.ovh\/index.php\/wp-json\/wp\/v2\/pages"}],"about":[{"href":"https:\/\/letraindepapicoco.ovh\/index.php\/wp-json\/wp\/v2\/types\/page"}],"author":[{"embeddable":true,"href":"https:\/\/letraindepapicoco.ovh\/index.php\/wp-json\/wp\/v2\/users\/1"}],"replies":[{"embeddable":true,"href":"https:\/\/letraindepapicoco.ovh\/index.php\/wp-json\/wp\/v2\/comments?post=8298"}],"version-history":[{"count":5,"href":"https:\/\/letraindepapicoco.ovh\/index.php\/wp-json\/wp\/v2\/pages\/8298\/revisions"}],"predecessor-version":[{"id":8305,"href":"https:\/\/letraindepapicoco.ovh\/index.php\/wp-json\/wp\/v2\/pages\/8298\/revisions\/8305"}],"wp:attachment":[{"href":"https:\/\/letraindepapicoco.ovh\/index.php\/wp-json\/wp\/v2\/media?parent=8298"}],"curies":[{"name":"wp","href":"https:\/\/api.w.org\/{rel}","templated":true}]}}