{"id":168,"date":"2023-10-21T17:29:33","date_gmt":"2023-10-21T15:29:33","guid":{"rendered":"https:\/\/letraindepapicoco.ovh\/?page_id=168"},"modified":"2026-04-06T16:02:15","modified_gmt":"2026-04-06T14:02:15","slug":"la-passion-des-trains","status":"publish","type":"page","link":"https:\/\/letraindepapicoco.ovh\/index.php\/la-passion-des-trains\/","title":{"rendered":"2 &#8211; la passion des trains \/ Serre-Pon\u00e7on"},"content":{"rendered":"\n<div class=\"wp-block-group is-layout-flex wp-container-core-group-is-layout-a3a559bc wp-block-group-is-layout-flex\">\n<figure class=\"wp-block-image size-full\"><a href=\"https:\/\/letraindepapicoco.ovh\/index.php\/\"><img loading=\"lazy\" decoding=\"async\" width=\"400\" height=\"90\" src=\"https:\/\/letraindepapicoco.ovh\/wp-content\/uploads\/2024\/07\/letraindepapicoco.jpg\" alt=\"\" class=\"wp-image-3552\" srcset=\"https:\/\/letraindepapicoco.ovh\/wp-content\/uploads\/2024\/07\/letraindepapicoco.jpg 400w, https:\/\/letraindepapicoco.ovh\/wp-content\/uploads\/2024\/07\/letraindepapicoco-300x68.jpg 300w\" sizes=\"auto, (max-width: 400px) 100vw, 400px\" \/><\/a><\/figure>\n\n\n\n<figure class=\"wp-block-image size-full\"><a href=\"https:\/\/letraindepapicoco.ovh\/index.php\/la-passion-des-trains\/#lpdt\"><img loading=\"lazy\" decoding=\"async\" width=\"392\" height=\"90\" src=\"https:\/\/letraindepapicoco.ovh\/wp-content\/uploads\/2024\/07\/lapadetr.jpg\" alt=\"\" class=\"wp-image-3553\" srcset=\"https:\/\/letraindepapicoco.ovh\/wp-content\/uploads\/2024\/07\/lapadetr.jpg 392w, https:\/\/letraindepapicoco.ovh\/wp-content\/uploads\/2024\/07\/lapadetr-300x69.jpg 300w\" sizes=\"auto, (max-width: 392px) 100vw, 392px\" \/><\/a><\/figure>\n\n\n\n<figure class=\"wp-block-image size-full\"><a href=\"https:\/\/letraindepapicoco.ovh\/index.php\/la-passion-des-trains\/#sp\"><img loading=\"lazy\" decoding=\"async\" width=\"280\" height=\"90\" src=\"https:\/\/letraindepapicoco.ovh\/wp-content\/uploads\/2024\/07\/serpon.jpg\" alt=\"\" class=\"wp-image-3555\"\/><\/a><\/figure>\n<\/div>\n\n\n\n<hr class=\"wp-block-separator has-alpha-channel-opacity\"\/>\n\n\n\n<div class=\"wp-block-group is-layout-flex wp-container-core-group-is-layout-a3a559bc wp-block-group-is-layout-flex\">\n<figure class=\"wp-block-image size-full\" id=\"lpdt\"><a href=\"https:\/\/letraindepapicoco.ovh\/wp-content\/uploads\/2026\/04\/lt2pc117.pdf\"><img loading=\"lazy\" decoding=\"async\" width=\"392\" height=\"90\" src=\"https:\/\/letraindepapicoco.ovh\/wp-content\/uploads\/2024\/07\/lapadetr.jpg\" alt=\"\" class=\"wp-image-3553\" srcset=\"https:\/\/letraindepapicoco.ovh\/wp-content\/uploads\/2024\/07\/lapadetr.jpg 392w, https:\/\/letraindepapicoco.ovh\/wp-content\/uploads\/2024\/07\/lapadetr-300x69.jpg 300w\" sizes=\"auto, (max-width: 392px) 100vw, 392px\" \/><\/a><\/figure>\n\n\n\n<figure class=\"wp-block-image size-full\"><a href=\"https:\/\/letraindepapicoco.ovh\/wp-content\/uploads\/2026\/04\/lt2pc117.pdf\"><img loading=\"lazy\" decoding=\"async\" width=\"200\" height=\"90\" src=\"https:\/\/letraindepapicoco.ovh\/wp-content\/uploads\/2026\/03\/petitenf.jpg\" alt=\"\" class=\"wp-image-7856\"\/><\/a><\/figure>\n\n\n\n<figure class=\"wp-block-image size-full\"><a href=\"https:\/\/letraindepapicoco.ovh\/wp-content\/uploads\/2026\/04\/lt2pc117.pdf\"><img loading=\"lazy\" decoding=\"async\" width=\"224\" height=\"90\" src=\"https:\/\/letraindepapicoco.ovh\/wp-content\/uploads\/2026\/03\/grandenf.jpg\" alt=\"\" class=\"wp-image-7855\"\/><\/a><\/figure>\n\n\n\n<figure class=\"wp-block-image size-full\"><a href=\"https:\/\/letraindepapicoco.ovh\/wp-content\/uploads\/2026\/04\/lt2pc117.pdf\"><img loading=\"lazy\" decoding=\"async\" width=\"240\" height=\"90\" src=\"https:\/\/letraindepapicoco.ovh\/wp-content\/uploads\/2026\/03\/nouvenf.jpg\" alt=\"\" class=\"wp-image-7854\"\/><\/a><\/figure>\n\n\n\n<figure class=\"wp-block-image size-full\"><a href=\"https:\/\/letraindepapicoco.ovh\/wp-content\/uploads\/2025\/01\/Video-sans-titre-3.mp4\"><img loading=\"lazy\" decoding=\"async\" width=\"376\" height=\"90\" src=\"https:\/\/letraindepapicoco.ovh\/wp-content\/uploads\/2026\/03\/videolpbc.jpg\" alt=\"\" class=\"wp-image-7869\" srcset=\"https:\/\/letraindepapicoco.ovh\/wp-content\/uploads\/2026\/03\/videolpbc.jpg 376w, https:\/\/letraindepapicoco.ovh\/wp-content\/uploads\/2026\/03\/videolpbc-300x72.jpg 300w\" sizes=\"auto, (max-width: 376px) 100vw, 376px\" \/><\/a><\/figure>\n<\/div>\n\n\n\n<p>Autrement dit, c&rsquo;est l\u2019enfance \u00e0 tous les \u00e2ges&#8230; Ce wagon, charg\u00e9 d&rsquo;\u00e9mois, de souvenirs nostalgiques, de documents personnels et d&rsquo;anecdotes, est r\u00e9parti en 3 \u00e9poques, mais&nbsp;dans un unique coupon <mark style=\"background-color:rgba(0, 0, 0, 0)\" class=\"has-inline-color has-custom-rouge-fonc-color\">.pdf <\/mark>de 3 lorries (clic sur l&rsquo;un d&rsquo;eux) :<br><strong>&#8211;<\/strong> <mark style=\"background-color:rgba(0, 0, 0, 0)\" class=\"has-inline-color has-foreground-color\">la <\/mark><strong><em><a href=\"https:\/\/letraindepapicoco.ovh\/wp-content\/uploads\/2026\/04\/lt2pc117.pdf\"><mark style=\"background-color:#0000ff\" class=\"has-inline-color has-custom-turquoise-color\">petite enfance<\/mark><\/a><\/em><\/strong>, la v\u00e9ritable\u2026 <br><strong>&#8211; <\/strong>la <strong><em><a href=\"https:\/\/letraindepapicoco.ovh\/wp-content\/uploads\/2026\/04\/lt2pc117.pdf\"><mark style=\"background-color:#0000ff\" class=\"has-inline-color has-custom-turquoise-color\">grande enfance<\/mark><\/a><\/em><\/strong>, en fait, l\u2019\u00e2ge \u00ab\u00a0adulte\u00a0\u00bb, r\u00e9partie en 8 domaines :<br> <mark style=\"background-color:rgba(0, 0, 0, 0)\" class=\"has-inline-color has-custom-rouge-fonc-color\"><strong>\u25ba train spectacle<br> \u25ba Paris \u2192 Avignon<br> \u25ba Marseille \u2192 Zurich<br> \u25ba Marseille \u2192 Milan<br> \u25ba rando-train Suisse<br> \u25ba arch\u00e9ologie ferroviaire<br> \u25ba Le Puy \u2194 Lalevade-d\u2019Ard\u00e8che<br> \u25ba Chorges \u2194 Barcelonnette<\/strong><\/mark> :<br><strong>&#8211; <\/strong>la <strong><em><a href=\"https:\/\/letraindepapicoco.ovh\/wp-content\/uploads\/2026\/04\/lt2pc117.pdf\"><mark style=\"background-color:#0000ff\" class=\"has-inline-color has-custom-turquoise-color\">nouvelle enfance<\/mark><\/a><\/em><\/strong> (c\u2019est-\u00e0-dire la retraite\u2026).<\/p>\n\n\n\n<p>Quant \u00e0 <strong><em><a href=\"https:\/\/letraindepapicoco.ovh\/wp-content\/uploads\/2025\/01\/Video-sans-titre-3.mp4\"><mark style=\"background-color:#9b51e0\" class=\"has-inline-color has-custom-blanc-color\">Le Puy \u2192 Brives-Charensac<\/mark><\/a><\/em><\/strong>, c&rsquo;est une vid\u00e9o personnelle <mark style=\"background-color:rgba(0, 0, 0, 0)\" class=\"has-inline-color has-custom-rouge-fonc-color\">.mp4<\/mark>, datant de 1984, fruit de mon \u00e9pop\u00e9e <strong><mark style=\"background-color:rgba(0, 0, 0, 0)\" class=\"has-inline-color has-custom-rouge-fonc-color\">Le Puy \u2194 Lalevade d&rsquo;Ard\u00e8che<\/mark><\/strong>.<\/p>\n\n\n\n<p><a href=\"https:\/\/letraindepapicoco.ovh\/index.php\/la-passion-des-trains\/\"><em><mark style=\"background-color:rgba(0, 0, 0, 0)\" class=\"has-inline-color has-tertiary-color\">Haut de page<\/mark><\/em><\/a><a href=\"https:\/\/letraindepapicoco.ovh\/\"><em><mark style=\"background-color:rgba(0, 0, 0, 0)\" class=\"has-inline-color has-custom-vert-fade-color\"><br>Retour <\/mark><\/em><strong><mark style=\"background-color:#3f48cc\" class=\"has-inline-color has-custom-blanc-color\">accueil<\/mark><\/strong><\/a><\/p>\n\n\n\n<hr class=\"wp-block-separator has-alpha-channel-opacity\"\/>\n\n\n\n<div id=\"sp\" class=\"wp-block-group is-layout-flex wp-container-core-group-is-layout-a3a559bc wp-block-group-is-layout-flex\">\n<figure class=\"wp-block-image size-full\"><a href=\"https:\/\/letraindepapicoco.ovh\/wp-content\/uploads\/2026\/04\/lt2pc112.pdf\"><img loading=\"lazy\" decoding=\"async\" width=\"280\" height=\"90\" src=\"https:\/\/letraindepapicoco.ovh\/wp-content\/uploads\/2024\/07\/serpon.jpg\" alt=\"\" class=\"wp-image-3555\"\/><\/a><\/figure>\n\n\n\n<figure class=\"wp-block-image size-full\"><a href=\"https:\/\/letraindepapicoco.ovh\/wp-content\/uploads\/2026\/04\/lt2pc112.pdf\"><img loading=\"lazy\" decoding=\"async\" width=\"344\" height=\"90\" src=\"https:\/\/letraindepapicoco.ovh\/wp-content\/uploads\/2026\/03\/inserpon.jpg\" alt=\"\" class=\"wp-image-7882\" srcset=\"https:\/\/letraindepapicoco.ovh\/wp-content\/uploads\/2026\/03\/inserpon.jpg 344w, https:\/\/letraindepapicoco.ovh\/wp-content\/uploads\/2026\/03\/inserpon-300x78.jpg 300w\" sizes=\"auto, (max-width: 344px) 100vw, 344px\" \/><\/a><\/figure>\n<\/div>\n\n\n\n<p>Mes anciens r\u00e9seaux <strong><a href=\"https:\/\/letraindepapicoco.ovh\/index.php\/5-anciens-reseaux\/#arprcimini\"><mark style=\"background-color:rgba(0, 0, 0, 0)\" class=\"has-inline-color has-custom-vert-color\">PRCI MINI<\/mark><\/a><\/strong>, <strong><a href=\"https:\/\/letraindepapicoco.ovh\/index.php\/5-anciens-reseaux\/#arprcimaxi\"><mark style=\"background-color:rgba(0, 0, 0, 0)\" class=\"has-inline-color has-custom-vert-color\">PRCI MAXI<\/mark><\/a><\/strong> et <strong><a href=\"https:\/\/letraindepapicoco.ovh\/index.php\/5-anciens-reseaux\/#arpr\"><mark style=\"background-color:rgba(0, 0, 0, 0)\" class=\"has-inline-color has-custom-vert-color\">PR<\/mark><\/a><\/strong>, ainsi que l&rsquo;actuel <strong><a href=\"https:\/\/letraindepapicoco.ovh\/index.php\/5-anciens-reseaux\/#micro\"><mark style=\"background-color:#ffffff\" class=\"has-inline-color has-custom-marron-color\">\u00b5 r\u00e9seau<\/mark><\/a><\/strong> en chantier, r\u00e9sultent de l&rsquo;<mark style=\"background-color:rgba(0, 0, 0, 0);color:#000000\" class=\"has-inline-color\">adaptation<\/mark> d\u2019un contexte <mark style=\"background-color:rgba(0, 0, 0, 0);color:#000000\" class=\"has-inline-color\">historique<\/mark> et g\u00e9ographique imaginaire (gare de Serre-Pon\u00e7on inexistante) dans l\u2019environnement (r\u00e9el) du <mark style=\"background-color:rgba(0, 0, 0, 0);color:#000000\" class=\"has-inline-color\">barrage et lac<\/mark> de Serre-Pon\u00e7on. <\/p>\n\n\n\n<p>Dans cette fiction, la ligne Veynes \/ <mark style=\"background-color:rgba(0, 0, 0, 0);color:#000000\" class=\"has-inline-color\">Brian\u00e7on<\/mark> (existante) est compl\u00e9t\u00e9e par un prolongement vers l\u2019Italie (au moyen du tunnel du Montgen\u00e8vre, rest\u00e9 en \u00e9tat de projet) et par l&#8217;embranchement vers Barcelonnette (rest\u00e9e inachev\u00e9e apr\u00e8s un d\u00e9but de construction de la plateforme dont des <mark style=\"background-color:rgba(0, 0, 0, 0);color:#000000\" class=\"has-inline-color\">vestiges<\/mark> sont toujours visibles).<\/p>\n\n\n\n<p>Cette inspiration, et l&rsquo;application que j&rsquo;en ai faite pour concevoir mes r\u00e9seaux, est charg\u00e9 dans cet unique lorry <mark style=\"background-color:rgba(0, 0, 0, 0)\" class=\"has-inline-color has-custom-rouge-fonc-color\">.pdf<\/mark> <strong><em><a href=\"https:\/\/letraindepapicoco.ovh\/wp-content\/uploads\/2026\/04\/lt2pc112.pdf\"><mark style=\"background-color:#0000ff\" class=\"has-inline-color has-custom-turquoise-color\">inspiration Serre-Pon\u00e7on<\/mark><\/a><\/em><\/strong> (clic dessus), r\u00e9parti dans 6 domaines :<br> <mark style=\"background-color:rgba(0, 0, 0, 0)\" class=\"has-inline-color has-custom-rouge-fonc-color\"><strong>\u25ba historique ferroviaire et hydro\u00e9lectrique du site de Serre-Pon\u00e7on<br> \u25ba barrage et lac de Serre-Pon\u00e7on (photos)<br> \u25ba vestiges de la ligne inachev\u00e9e Chorges \u2194 Barcelonnette (photos)<br> \u25ba Brian\u00e7on et projet de prolongement vers l&rsquo;Italie<br> \u25ba adaptation anciens r\u00e9seaux <\/strong><\/mark><strong><mark style=\"background-color:rgba(0, 0, 0, 0)\" class=\"has-inline-color has-custom-vert-color\">PRCI MINI<\/mark><\/strong><mark style=\"background-color:rgba(0, 0, 0, 0)\" class=\"has-inline-color has-custom-rouge-fonc-color\"><strong>, <\/strong><\/mark><strong><mark style=\"background-color:rgba(0, 0, 0, 0)\" class=\"has-inline-color has-custom-vert-color\">PRCI MAXI<\/mark><\/strong><mark style=\"background-color:rgba(0, 0, 0, 0)\" class=\"has-inline-color has-custom-rouge-fonc-color\"><strong>et <\/strong><\/mark><strong><mark style=\"background-color:rgba(0, 0, 0, 0)\" class=\"has-inline-color has-custom-vert-color\">PR<\/mark><\/strong><mark style=\"background-color:rgba(0, 0, 0, 0)\" class=\"has-inline-color has-custom-rouge-fonc-color\"><strong><br> \u25ba adaptation <\/strong><\/mark><strong><mark style=\"background-color:rgba(0, 0, 0, 0)\" class=\"has-inline-color has-custom-marron-color\">\u00b5 r\u00e9seau<\/mark><\/strong><\/p>\n\n\n\n<p><em><a href=\"https:\/\/letraindepapicoco.ovh\/index.php\/la-passion-des-trains\/\"><mark style=\"background-color:rgba(0, 0, 0, 0)\" class=\"has-inline-color has-custom-vert-fade-color\">Haut de page<\/mark><\/a><\/em><br><a href=\"https:\/\/letraindepapicoco.ovh\/index.php\/serre-poncon-2\/#spa%C2%B5r\"><em><mark style=\"background-color:rgba(0, 0, 0, 0)\" class=\"has-inline-color has-custom-vert-fade-color\">Retour <\/mark><\/em><\/a><a href=\"https:\/\/letraindepapicoco.ovh\/index.php\/la-passion-des-trains\/#sp\"><strong><mark style=\"background-color:#cf2e2e\" class=\"has-inline-color has-custom-blanc-color\">Serre-Pon\u00e7on<\/mark><\/strong><\/a> <br><a href=\"https:\/\/letraindepapicoco.ovh\/\"><em><mark style=\"background-color:rgba(0, 0, 0, 0)\" class=\"has-inline-color has-custom-vert-fade-color\">Retour <\/mark><\/em><strong><mark style=\"background-color:#3f48cc\" class=\"has-inline-color has-custom-blanc-color\">accueil<\/mark><\/strong><\/a><\/p>\n\n\n\n<hr class=\"wp-block-separator has-alpha-channel-opacity\"\/>\n\n\n\n<p><mark style=\"background-color:rgba(0, 0, 0, 0)\" class=\"has-inline-color has-primary-color\">Page modifi\u00e9e le 26\/03\/26 \u00a9 Papi Coco 2002 &#8211; 2026<\/mark><\/p>\n\n\n\n<hr class=\"wp-block-separator has-alpha-channel-opacity\"\/>\n\n\n\n<p><\/p>\n","protected":false},"excerpt":{"rendered":"<p>Autrement dit, c&rsquo;est l\u2019enfance \u00e0 tous les \u00e2ges&#8230; Ce wagon, charg\u00e9 d&rsquo;\u00e9mois, de souvenirs nostalgiques, de documents personnels et d&rsquo;anecdotes, est r\u00e9parti en 3 \u00e9poques, mais&nbsp;dans un unique coupon .pdf de 3 lorries (clic sur l&rsquo;un d&rsquo;eux) :&#8211; la petite enfance, la v\u00e9ritable\u2026 &#8211; la grande enfance, en fait, l\u2019\u00e2ge \u00ab\u00a0adulte\u00a0\u00bb, r\u00e9partie en 8 domaines [&hellip;]<\/p>\n","protected":false},"author":1,"featured_media":0,"parent":0,"menu_order":0,"comment_status":"closed","ping_status":"closed","template":"","meta":{"footnotes":""},"class_list":["post-168","page","type-page","status-publish","hentry"],"_links":{"self":[{"href":"https:\/\/letraindepapicoco.ovh\/index.php\/wp-json\/wp\/v2\/pages\/168","targetHints":{"allow":["GET"]}}],"collection":[{"href":"https:\/\/letraindepapicoco.ovh\/index.php\/wp-json\/wp\/v2\/pages"}],"about":[{"href":"https:\/\/letraindepapicoco.ovh\/index.php\/wp-json\/wp\/v2\/types\/page"}],"author":[{"embeddable":true,"href":"https:\/\/letraindepapicoco.ovh\/index.php\/wp-json\/wp\/v2\/users\/1"}],"replies":[{"embeddable":true,"href":"https:\/\/letraindepapicoco.ovh\/index.php\/wp-json\/wp\/v2\/comments?post=168"}],"version-history":[{"count":147,"href":"https:\/\/letraindepapicoco.ovh\/index.php\/wp-json\/wp\/v2\/pages\/168\/revisions"}],"predecessor-version":[{"id":8123,"href":"https:\/\/letraindepapicoco.ovh\/index.php\/wp-json\/wp\/v2\/pages\/168\/revisions\/8123"}],"wp:attachment":[{"href":"https:\/\/letraindepapicoco.ovh\/index.php\/wp-json\/wp\/v2\/media?parent=168"}],"curies":[{"name":"wp","href":"https:\/\/api.w.org\/{rel}","templated":true}]}}